{"id":1593,"date":"2025-01-08T23:37:08","date_gmt":"2025-01-08T23:37:08","guid":{"rendered":"https:\/\/omgresto.com\/confidentialite\/"},"modified":"2025-03-24T16:01:41","modified_gmt":"2025-03-24T16:01:41","slug":"confidentialite","status":"publish","type":"page","link":"https:\/\/omgresto.com\/en\/confidentialite\/","title":{"rendered":"Confidentialit\u00e9"},"content":{"rendered":"","protected":false},"excerpt":{"rendered":"","protected":false},"author":6,"featured_media":0,"parent":0,"menu_order":0,"comment_status":"closed","ping_status":"closed","template":"","meta":{"_seopress_robots_primary_cat":"","_seopress_titles_title":"Politique de confidentialit\u00e9 | Donn\u00e9es personnelles et s\u00e9curit\u00e9 \u2013 OMG Resto","_seopress_titles_desc":"Consultez la politique de confidentialit\u00e9 d\u2019OMG Resto : d\u00e9couvrez comment vos renseignements sont collect\u00e9s, utilis\u00e9s et prot\u00e9g\u00e9s.","_seopress_robots_index":"","footnotes":""},"class_list":["post-1593","page","type-page","status-publish","hentry"],"_links":{"self":[{"href":"https:\/\/omgresto.com\/en\/wp-json\/wp\/v2\/pages\/1593","targetHints":{"allow":["GET"]}}],"collection":[{"href":"https:\/\/omgresto.com\/en\/wp-json\/wp\/v2\/pages"}],"about":[{"href":"https:\/\/omgresto.com\/en\/wp-json\/wp\/v2\/types\/page"}],"author":[{"embeddable":true,"href":"https:\/\/omgresto.com\/en\/wp-json\/wp\/v2\/users\/6"}],"replies":[{"embeddable":true,"href":"https:\/\/omgresto.com\/en\/wp-json\/wp\/v2\/comments?post=1593"}],"version-history":[{"count":0,"href":"https:\/\/omgresto.com\/en\/wp-json\/wp\/v2\/pages\/1593\/revisions"}],"wp:attachment":[{"href":"https:\/\/omgresto.com\/en\/wp-json\/wp\/v2\/media?parent=1593"}],"curies":[{"name":"wp","href":"https:\/\/api.w.org\/{rel}","templated":true}]}}