{"id":20,"date":"2024-02-21T16:18:06","date_gmt":"2024-02-21T16:18:06","guid":{"rendered":"https:\/\/omgresto.com\/a-propos\/"},"modified":"2025-03-24T14:52:12","modified_gmt":"2025-03-24T14:52:12","slug":"a-propos","status":"publish","type":"page","link":"https:\/\/omgresto.com\/en\/a-propos\/","title":{"rendered":"About us"},"content":{"rendered":"","protected":false},"excerpt":{"rendered":"","protected":false},"author":6,"featured_media":0,"parent":0,"menu_order":0,"comment_status":"closed","ping_status":"closed","template":"","meta":{"_seopress_robots_primary_cat":"","_seopress_titles_title":"\u00c0 propos de OMG Resto | Restaurant unique \u00e0 Sherbrooke","_seopress_titles_desc":"D\u00e9couvrez l\u2019histoire de OMG Resto, un restaurant  situ\u00e9 dans une ancienne \u00e9glise \u00e0 Sherbrooke. Une cuisine savoureuse et une ambiance inoubliable vous y attendent.","_seopress_robots_index":"","footnotes":""},"class_list":["post-20","page","type-page","status-publish","hentry"],"_links":{"self":[{"href":"https:\/\/omgresto.com\/en\/wp-json\/wp\/v2\/pages\/20","targetHints":{"allow":["GET"]}}],"collection":[{"href":"https:\/\/omgresto.com\/en\/wp-json\/wp\/v2\/pages"}],"about":[{"href":"https:\/\/omgresto.com\/en\/wp-json\/wp\/v2\/types\/page"}],"author":[{"embeddable":true,"href":"https:\/\/omgresto.com\/en\/wp-json\/wp\/v2\/users\/6"}],"replies":[{"embeddable":true,"href":"https:\/\/omgresto.com\/en\/wp-json\/wp\/v2\/comments?post=20"}],"version-history":[{"count":0,"href":"https:\/\/omgresto.com\/en\/wp-json\/wp\/v2\/pages\/20\/revisions"}],"wp:attachment":[{"href":"https:\/\/omgresto.com\/en\/wp-json\/wp\/v2\/media?parent=20"}],"curies":[{"name":"wp","href":"https:\/\/api.w.org\/{rel}","templated":true}]}}