{"id":22,"date":"2024-02-21T16:18:07","date_gmt":"2024-02-21T16:18:07","guid":{"rendered":"https:\/\/omgresto.com\/contact\/"},"modified":"2025-03-24T15:03:08","modified_gmt":"2025-03-24T15:03:08","slug":"contact","status":"publish","type":"page","link":"https:\/\/omgresto.com\/en\/contact\/","title":{"rendered":"Contact"},"content":{"rendered":"","protected":false},"excerpt":{"rendered":"","protected":false},"author":5,"featured_media":0,"parent":0,"menu_order":0,"comment_status":"closed","ping_status":"closed","template":"","meta":{"_seopress_robots_primary_cat":"","_seopress_titles_title":"Contactez-nous | OMG Resto Sherbrooke","_seopress_titles_desc":"Une question ou une r\u00e9servation \u00e0 faire? Contactez l\u2019\u00e9quipe d\u2019OMG Resto \u00e0 Sherbrooke par t\u00e9l\u00e9phone, courriel ou via notre formulaire en ligne.","_seopress_robots_index":"","footnotes":""},"class_list":["post-22","page","type-page","status-publish","hentry"],"_links":{"self":[{"href":"https:\/\/omgresto.com\/en\/wp-json\/wp\/v2\/pages\/22","targetHints":{"allow":["GET"]}}],"collection":[{"href":"https:\/\/omgresto.com\/en\/wp-json\/wp\/v2\/pages"}],"about":[{"href":"https:\/\/omgresto.com\/en\/wp-json\/wp\/v2\/types\/page"}],"author":[{"embeddable":true,"href":"https:\/\/omgresto.com\/en\/wp-json\/wp\/v2\/users\/5"}],"replies":[{"embeddable":true,"href":"https:\/\/omgresto.com\/en\/wp-json\/wp\/v2\/comments?post=22"}],"version-history":[{"count":0,"href":"https:\/\/omgresto.com\/en\/wp-json\/wp\/v2\/pages\/22\/revisions"}],"wp:attachment":[{"href":"https:\/\/omgresto.com\/en\/wp-json\/wp\/v2\/media?parent=22"}],"curies":[{"name":"wp","href":"https:\/\/api.w.org\/{rel}","templated":true}]}}